{"id":114,"date":"2020-01-25T08:55:32","date_gmt":"2020-01-25T07:55:32","guid":{"rendered":"https:\/\/www.premiumlux.rs\/contact\/"},"modified":"2025-08-14T19:25:13","modified_gmt":"2025-08-14T17:25:13","slug":"kontakt","status":"publish","type":"page","link":"https:\/\/www.premiumlux.rs\/en\/kontakt\/","title":{"rendered":"Contact"},"content":{"rendered":"<div data-elementor-type=\"wp-page\" data-elementor-id=\"114\" class=\"elementor elementor-114\" data-elementor-settings=\"[]\">\n\t\t\t\t\t\t<div class=\"elementor-inner\">\n\t\t\t\t\t\t\t<div class=\"elementor-section-wrap\">\n\t\t\t\t\t\t\t<section class=\"elementor-section elementor-top-section elementor-element elementor-element-d72c912 elementor-section-full_width elementor-section-height-min-height elementor-section-height-default elementor-section-items-middle\" data-id=\"d72c912\" data-element_type=\"section\" data-settings=\"{&quot;background_background&quot;:&quot;classic&quot;}\">\n\t\t\t\t\t\t\t<div class=\"elementor-background-overlay\"><\/div>\n\t\t\t\t\t\t\t<div class=\"elementor-container elementor-column-gap-no\">\n\t\t\t\t\t\t\t<div class=\"elementor-row\">\n\t\t\t\t\t<div class=\"aux-parallax-section elementor-column elementor-col-100 elementor-top-column elementor-element elementor-element-9126094\" data-id=\"9126094\" data-element_type=\"column\">\n\t\t\t<div class=\"elementor-column-wrap elementor-element-populated\">\n\t\t\t\t\t\t\t<div class=\"elementor-widget-wrap\">\n\t\t\t\t\t\t<div class=\"aux-scroll-anim elementor-element elementor-element-cb9d7cd aux-appear-watch-animation aux-scale-down-1 elementor-widget elementor-widget-aux_modern_heading\" data-move-in=\"\" data-move-out=\"scale\" data-axis-x=\"200\" data-axis-y=\"200\" data-rotate=\"90\" data-scale=\"0.8\" data-vp-top=\"0.5\" data-vp-bot=\"0.5\" data-el-top=\"0.2\" data-scroll-animation-off=\"1024\" data-id=\"cb9d7cd\" data-element_type=\"widget\" data-widget_type=\"aux_modern_heading.default\">\n\t\t\t\t<div class=\"elementor-widget-container\">\n\t\t\t<section class=\"aux-widget-modern-heading\">\n            <div class=\"aux-widget-inner\"><h1 class=\"aux-modern-heading-primary\">CONTACT<\/h1><\/div>\n        <\/section>\t\t<\/div>\n\t\t\t\t<\/div>\n\t\t\t\t\t\t<\/div>\n\t\t\t\t\t<\/div>\n\t\t<\/div>\n\t\t\t\t\t\t\t\t<\/div>\n\t\t\t\t\t<\/div>\n\t\t<\/section>\n\t\t\t\t<section class=\"elementor-section elementor-top-section elementor-element elementor-element-b5ac2d9 elementor-reverse-tablet elementor-reverse-mobile elementor-section-boxed elementor-section-height-default elementor-section-height-default\" data-id=\"b5ac2d9\" data-element_type=\"section\">\n\t\t\t\t\t\t<div class=\"elementor-container elementor-column-gap-default\">\n\t\t\t\t\t\t\t<div class=\"elementor-row\">\n\t\t\t\t\t<div class=\"aux-parallax-section elementor-column elementor-col-50 elementor-top-column elementor-element elementor-element-fe402af\" data-id=\"fe402af\" data-element_type=\"column\">\n\t\t\t<div class=\"elementor-column-wrap elementor-element-populated\">\n\t\t\t\t\t\t\t<div class=\"elementor-widget-wrap\">\n\t\t\t\t\t\t<div class=\"elementor-element elementor-element-184a555 aux-appear-watch-animation aux-fade-in-right elementor-widget elementor-widget-aux_modern_heading\" data-id=\"184a555\" data-element_type=\"widget\" data-widget_type=\"aux_modern_heading.default\">\n\t\t\t\t<div class=\"elementor-widget-container\">\n\t\t\t<section class=\"aux-widget-modern-heading\">\n            <div class=\"aux-widget-inner\"><h2 class=\"aux-modern-heading-primary\"><\/h2><h3 class=\"aux-modern-heading-secondary\"><span class=\"aux-head-before\">CON<\/span><span class=\"aux-head-highlight\">TACT<\/span><\/h3><\/div>\n        <\/section>\t\t<\/div>\n\t\t\t\t<\/div>\n\t\t\t\t<div class=\"elementor-element elementor-element-abd9b2a aux-appear-watch-animation aux-fade-in-up elementor-widget elementor-widget-aux_modern_heading\" data-id=\"abd9b2a\" data-element_type=\"widget\" data-widget_type=\"aux_modern_heading.default\">\n\t\t\t\t<div class=\"elementor-widget-container\">\n\t\t\t<section class=\"aux-widget-modern-heading\">\n            <div class=\"aux-widget-inner\"><h2 class=\"aux-modern-heading-primary\">Write to us...<\/h2><div class=\"aux-modern-heading-divider\"><\/div><div class=\"aux-modern-heading-description\"><p>We are at your disposal for all your questions regarding our nursing home...<\/p><\/div><\/div>\n        <\/section>\t\t<\/div>\n\t\t\t\t<\/div>\n\t\t\t\t<div class=\"elementor-element elementor-element-79f1eca aux-appear-watch-animation aux-fade-in-up elementor-widget elementor-widget-aux_contact_form\" data-id=\"79f1eca\" data-element_type=\"widget\" data-widget_type=\"aux_contact_form.default\">\n\t\t\t\t<div class=\"elementor-widget-container\">\n\t\t\t<section class=\"widget-container aux-widget-contact-form aux-parent-au77dee623\" style=\"\" >            <div class=\"aux-col-wrapper aux-no-gutter\">\n            <!-- @TODO - The output for element here -->\n\n            \n<div class=\"wpcf7 no-js\" id=\"wpcf7-f92-o1\" lang=\"en-US\" dir=\"ltr\" data-wpcf7-id=\"92\">\n<div class=\"screen-reader-response\"><p role=\"status\" aria-live=\"polite\" aria-atomic=\"true\"><\/p> <ul><\/ul><\/div>\n<form action=\"\/en\/wp-json\/wp\/v2\/pages\/114#wpcf7-f92-o1\" method=\"post\" class=\"wpcf7-form init\" aria-label=\"Contact form\" novalidate=\"novalidate\" data-status=\"init\" data-trp-original-action=\"\/en\/wp-json\/wp\/v2\/pages\/114#wpcf7-f92-o1\">\n<div style=\"display: none;\">\n<input type=\"hidden\" name=\"_wpcf7\" value=\"92\" \/>\n<input type=\"hidden\" name=\"_wpcf7_version\" value=\"6.0.4\" \/>\n<input type=\"hidden\" name=\"_wpcf7_locale\" value=\"en_US\" \/>\n<input type=\"hidden\" name=\"_wpcf7_unit_tag\" value=\"wpcf7-f92-o1\" \/>\n<input type=\"hidden\" name=\"_wpcf7_container_post\" value=\"0\" \/>\n<input type=\"hidden\" name=\"_wpcf7_posted_data_hash\" value=\"\" \/>\n<input type=\"hidden\" name=\"_wpcf7_recaptcha_response\" value=\"\" \/>\n<\/div>\n<div class=\"aux-nextto\">\n\t<p><span class=\"wpcf7-form-control-wrap\" data-name=\"text-934\"><input size=\"40\" maxlength=\"400\" class=\"wpcf7-form-control wpcf7-text wpcf7-validates-as-required\" aria-required=\"true\" aria-invalid=\"false\" placeholder=\"YOUR NAME*\" value=\"\" type=\"text\" name=\"text-934\" \/><\/span><br \/>\n<span class=\"wpcf7-form-control-wrap\" data-name=\"email-455\"><input size=\"40\" maxlength=\"400\" class=\"wpcf7-form-control wpcf7-email wpcf7-validates-as-required wpcf7-text wpcf7-validates-as-email\" aria-required=\"true\" aria-invalid=\"false\" placeholder=\"YOUR EMAIL*\" value=\"\" type=\"email\" name=\"email-455\" \/><\/span>\n\t<\/p>\n<\/div>\n<p><span class=\"wpcf7-form-control-wrap\" data-name=\"textarea-599\"><textarea cols=\"40\" rows=\"10\" maxlength=\"2000\" class=\"wpcf7-form-control wpcf7-textarea wpcf7-validates-as-required\" aria-required=\"true\" aria-invalid=\"false\" placeholder=\"MESSAGE TOPIC*\" name=\"textarea-599\"><\/textarea><\/span><br \/>\n\n<\/p>\n<p><input class=\"wpcf7-form-control wpcf7-submit has-spinner\" type=\"submit\" value=\"SEND\" \/>\n<\/p><div class=\"wpcf7-response-output\" aria-hidden=\"true\"><\/div>\n<input type=\"hidden\" name=\"trp-form-language\" value=\"en\"\/><\/form>\n<\/div>\n\n\n            <\/div><!-- aux-col-wrapper -->\n    <\/section><!-- widget-container -->\t\t<\/div>\n\t\t\t\t<\/div>\n\t\t\t\t\t\t<\/div>\n\t\t\t\t\t<\/div>\n\t\t<\/div>\n\t\t\t\t<div class=\"aux-parallax-section elementor-column elementor-col-50 elementor-top-column elementor-element elementor-element-7c4c45d elementor-hidden-phone\" data-id=\"7c4c45d\" data-element_type=\"column\">\n\t\t\t<div class=\"elementor-column-wrap elementor-element-populated\">\n\t\t\t\t\t\t\t<div class=\"elementor-widget-wrap\">\n\t\t\t\t\t\t<div class=\"elementor-element elementor-element-ff190c9 aux-appear-watch-animation aux-mask-from-left elementor-widget elementor-widget-aux_image\" data-id=\"ff190c9\" data-element_type=\"widget\" data-widget_type=\"aux_image.default\">\n\t\t\t\t<div class=\"elementor-widget-container\">\n\t\t\t<section class=\"widget-container aux-widget-image aux-alignnone aux-parent-au3fd26c55\" style=\"\" >\n    <div class=\"aux-media-hint-frame\">\n        <div class=\"aux-media-image\" >\n        \n            \n\n            \n            <img loading=\"lazy\" decoding=\"async\" width=\"2117\" height=\"2114\" src=\"https:\/\/www.premiumlux.rs\/wp-content\/uploads\/2025\/01\/Kontakt-Premium-LUx.jpg\" class=\"aux-attachment aux-featured-image aux-attachment-id-1173\" alt=\"Kontakt-Premium-LUx\" data-ratio=\"1\" data-original-w=\"2117\" \/>            \n                <\/div>\n    <\/div>\n\n<\/section><!-- widget-container -->\t\t<\/div>\n\t\t\t\t<\/div>\n\t\t\t\t\t\t<\/div>\n\t\t\t\t\t<\/div>\n\t\t<\/div>\n\t\t\t\t\t\t\t\t<\/div>\n\t\t\t\t\t<\/div>\n\t\t<\/section>\n\t\t\t\t<section class=\"elementor-section elementor-top-section elementor-element elementor-element-219ecd2 elementor-section-full_width aux-appear-watch-animation aux-fade-in elementor-section-height-default elementor-section-height-default\" data-id=\"219ecd2\" data-element_type=\"section\">\n\t\t\t\t\t\t<div class=\"elementor-container elementor-column-gap-no\">\n\t\t\t\t\t\t\t<div class=\"elementor-row\">\n\t\t\t\t\t<div class=\"aux-parallax-section elementor-column elementor-col-100 elementor-top-column elementor-element elementor-element-43ec23c\" data-id=\"43ec23c\" data-element_type=\"column\">\n\t\t\t<div class=\"elementor-column-wrap elementor-element-populated\">\n\t\t\t\t\t\t\t<div class=\"elementor-widget-wrap\">\n\t\t\t\t\t\t<div class=\"elementor-element elementor-element-d6623e0 elementor-widget elementor-widget-google_maps\" data-id=\"d6623e0\" data-element_type=\"widget\" data-widget_type=\"google_maps.default\">\n\t\t\t\t<div class=\"elementor-widget-container\">\n\t\t\t<div class=\"elementor-custom-embed\"><iframe frameborder=\"0\" scrolling=\"no\" marginheight=\"0\" marginwidth=\"0\" src=\"https:\/\/maps.google.com\/maps?q=Njego%C5%A1eva%2053%2C%20Nova%20Pazova%2C%20Srbija&amp;t=m&amp;z=18&amp;output=embed&amp;iwloc=near\" title=\"Njego\u0161eva 53, Nova Pazova, Serbia\" aria-label=\"Njego\u0161eva 53, Nova Pazova, Serbia\"><\/iframe><\/div>\t\t<\/div>\n\t\t\t\t<\/div>\n\t\t\t\t\t\t<\/div>\n\t\t\t\t\t<\/div>\n\t\t<\/div>\n\t\t\t\t\t\t\t\t<\/div>\n\t\t\t\t\t<\/div>\n\t\t<\/section>\n\t\t\t\t<section class=\"elementor-section elementor-top-section elementor-element elementor-element-0cf867f elementor-section-boxed elementor-section-height-default elementor-section-height-default\" data-id=\"0cf867f\" data-element_type=\"section\">\n\t\t\t\t\t\t<div class=\"elementor-container elementor-column-gap-no\">\n\t\t\t\t\t\t\t<div class=\"elementor-row\">\n\t\t\t\t\t<div class=\"aux-parallax-section elementor-column elementor-col-33 elementor-top-column elementor-element elementor-element-8f2a2e5 aux-appear-watch-animation aux-fade-in-left-1\" data-id=\"8f2a2e5\" data-element_type=\"column\" data-settings=\"{&quot;background_background&quot;:&quot;classic&quot;}\">\n\t\t\t<div class=\"elementor-column-wrap elementor-element-populated\">\n\t\t\t\t\t\t\t<div class=\"elementor-widget-wrap\">\n\t\t\t\t\t\t<div class=\"elementor-element elementor-element-3de1f26 elementor-widget elementor-widget-aux_simple_svg\" data-id=\"3de1f26\" data-element_type=\"widget\" data-widget_type=\"aux_simple_svg.default\">\n\t\t\t\t<div class=\"elementor-widget-container\">\n\t\t\t    <div class=\"aux-widget-container aux-simple-svg-container\">\n        <div class=\"aux-widget-container-inner\">\n            <div class=\"aux-the-svg\"><svg xmlns=\"http:\/\/www.w3.org\/2000\/svg\" xmlns:xlink=\"http:\/\/www.w3.org\/1999\/xlink\" id=\"Layer_1\" x=\"0px\" y=\"0px\" width=\"84px\" height=\"70px\" viewbox=\"0 0 512 512\" xml:space=\"preserve\"><defs><lineargradient id=\"linear-gradient\" x1=\"-0.104\" y1=\"0.406\" x2=\"0.866\" y2=\"0.852\" gradientunits=\"objectBoundingBox\"><stop offset=\"0\" stop-color=\"#6A11CB\"\/><stop offset=\"1\" stop-color=\"#005BEA\"\/><\/lineargradient><\/defs> <path fill-rule=\"evenodd\" clip-rule=\"evenodd\" fill=\"url(#linear-gradient)\"d=\"M81.944,398.049c-6.243-6.243-6.243-16.376,0-22.618l45.257-45.257 c6.246-6.265,16.375-6.265,22.621,0c6.246,6.242,6.246,16.375,0,22.617l-45.257,45.258C98.318,404.297,88.19,404.297,81.944,398.049 L81.944,398.049z M407.431,398.049l-45.257-45.258c-6.241-6.242-6.241-16.375,0-22.617c6.25-6.265,16.374-6.265,22.625,0 l45.258,45.257c6.24,6.242,6.24,16.375,0,22.618C423.806,404.297,413.68,404.297,407.431,398.049L407.431,398.049z M493.586,157.255 L301.254,333.588c-24.993,24.993-65.516,24.993-90.511,0L97.896,220.738l-7.214-7.21l-30.815-30.82l-0.117,0.04 c-2.918-3.649-7.079-6.758-11.743-6.758c-8.843,0-16.004,7.165-16.004,16v45.077v18.937v159.983 c0,17.687,14.324,32.005,32.004,32.005h383.986c17.68,0,31.998-14.318,31.998-32.005v-191.99c0-8.844,7.165-16,16.009-16 c8.837,0,16,7.157,16,16v191.99c0,35.35-28.664,64.014-64.007,64.014H64.007C28.66,480,0,451.336,0,415.986V191.99 c0-26.5,21.5-47.985,48.007-47.985c12.352,0,23.5,5.649,32.003,13.845v-0.274l153.369,153.373c12.489,12.509,32.75,12.509,45.242,0 l192.323-176.333c6.267-6.242,9.273-14.438,9.235-22.617h-0.188c0-17.679-14.318-16-31.998-16H111.998 c-8.824,0-16.003-7.164-16.003-16.008c0-8.835,7.179-16,16.003-16h335.995c29.351,0,54.045,8.789,61.577,32.007l0,0 C515.03,117.226,510.202,140.646,493.586,157.255L493.586,157.255z M48.007,95.999c-8.843,0-16.004-7.164-16.004-16.008 c0-8.835,7.161-16,16.004-16c8.84,0,16,7.164,16,16C64.007,88.835,56.847,95.999,48.007,95.999L48.007,95.999z\"\/> <\/svg><\/div>\n        <\/div>\n    <\/div>\n    \t\t<\/div>\n\t\t\t\t<\/div>\n\t\t\t\t<div class=\"elementor-element elementor-element-ffdee66 elementor-widget elementor-widget-aux_modern_heading\" data-id=\"ffdee66\" data-element_type=\"widget\" data-widget_type=\"aux_modern_heading.default\">\n\t\t\t\t<div class=\"elementor-widget-container\">\n\t\t\t<section class=\"aux-widget-modern-heading\">\n            <div class=\"aux-widget-inner\"><h2 class=\"aux-modern-heading-primary\">Email:<\/h2><div class=\"aux-modern-heading-description\"><p>premium.lux100@gmail.com<\/p><\/div><\/div>\n        <\/section>\t\t<\/div>\n\t\t\t\t<\/div>\n\t\t\t\t\t\t<\/div>\n\t\t\t\t\t<\/div>\n\t\t<\/div>\n\t\t\t\t<div class=\"aux-parallax-section elementor-column elementor-col-33 elementor-top-column elementor-element elementor-element-cd6d0fe aux-appear-watch-animation aux-scale-down\" data-id=\"cd6d0fe\" data-element_type=\"column\" data-settings=\"{&quot;background_background&quot;:&quot;classic&quot;}\">\n\t\t\t<div class=\"elementor-column-wrap elementor-element-populated\">\n\t\t\t\t\t\t\t<div class=\"elementor-widget-wrap\">\n\t\t\t\t\t\t<div class=\"elementor-element elementor-element-cae7e72 elementor-widget elementor-widget-aux_simple_svg\" data-id=\"cae7e72\" data-element_type=\"widget\" data-widget_type=\"aux_simple_svg.default\">\n\t\t\t\t<div class=\"elementor-widget-container\">\n\t\t\t    <div class=\"aux-widget-container aux-simple-svg-container\">\n        <div class=\"aux-widget-container-inner\">\n            <div class=\"aux-the-svg\"><svg xmlns=\"http:\/\/www.w3.org\/2000\/svg\" xmlns:xlink=\"http:\/\/www.w3.org\/1999\/xlink\" id=\"Layer_8\" x=\"0px\" y=\"0px\" width=\"75px\" height=\"75px\" viewbox=\"0 0 512 512\" xml:space=\"preserve\"> <defs><lineargradient id=\"linear-gradient\" x1=\"-0.104\" y1=\"0.406\" x2=\"0.866\" y2=\"0.852\" gradientunits=\"objectBoundingBox\"><stop offset=\"0\" stop-color=\"#6A11CB\"\/><stop offset=\"1\" stop-color=\"#005BEA\"\/><\/lineargradient><\/defs> <path fill-rule=\"evenodd\" clip-rule=\"evenodd\" fill=\"url(#linear-gradient)\" d=\"M153.221,300.555c-6.256-6.26-6.256-16.396,0-22.663 c6.257-6.259,16.411-6.259,22.675,0c6.256,6.268,6.256,16.403,0,22.663C169.632,306.822,159.478,306.822,153.221,300.555 L153.221,300.555z M493.225,141.892l-45.342,45.325c-2.672,2.677-5.616,4.919-8.608,7.038c-1.218,0.84-2.476,1.649-3.733,2.383 c-1.663,1.008-3.39,1.868-5.124,2.692c-4.147,1.958-8.396,3.606-12.794,4.665c-21.003,5.08-44.014-0.375-60.409-16.778 c-1.04-1.041-4.756-2.612-6.077-3.427c-24.722-15.239-57.479-12.328-78.912,9.097l-62.328,62.342l-0.016-0.02v0.02 c-6.256,6.268-16.395,6.268-22.651,0c-6.265-6.264-6.265-16.419,0-22.667l62.323-62.338c35.974-35.979,93.336-37.397,131.109-4.431 l0,0c12.591,11.464,32.392,10.929,44.553-1.239l45.335-45.33c12.521-12.523,12.521-32.818,0-45.345l-22.667-22.663 c-0.875-0.879-1.883-1.528-2.977-2.012c-50.919-40.984-168.199,3.196-280.352,115.35C52.797,276.313,8.557,393.136,48.767,444.369 c0.57,1.251,1.359,2.438,2.453,3.533l1.977,1.969l0.016,0.023l20.683,20.67c12.521,12.527,32.805,12.527,45.318,0l45.342-45.325 c12.162-12.168,12.396-31.618,0.938-44.216c0.086-0.109,0.18-0.234,0.266-0.344c-0.375-0.32-0.844-0.43-1.203-0.79 c-6.256-6.259-6.256-16.402,0-22.662c6.265-6.26,16.411-6.26,22.675,0c16.395,16.38,21.847,39.409,16.77,60.4 c-1.062,4.415-2.71,8.705-4.687,12.847c-0.804,1.688-1.664,3.376-2.632,5.01c-0.773,1.312-1.578,2.618-2.46,3.876 c-2.093,2.978-4.335,5.885-6.991,8.542l-45.342,45.325c-25.042,25.03-65.626,25.03-90.668,0l-28.337-28.337 c-56.332-56.32-5.647-198.354,119.006-322.999C266.538,17.23,408.547-33.448,464.887,22.881l28.338,28.336 C518.258,76.248,518.258,116.857,493.225,141.892L493.225,141.892z\"\/> <\/svg><\/div>\n        <\/div>\n    <\/div>\n    \t\t<\/div>\n\t\t\t\t<\/div>\n\t\t\t\t<div class=\"elementor-element elementor-element-0ed3cc3 elementor-widget elementor-widget-aux_modern_heading\" data-id=\"0ed3cc3\" data-element_type=\"widget\" data-widget_type=\"aux_modern_heading.default\">\n\t\t\t\t<div class=\"elementor-widget-container\">\n\t\t\t<section class=\"aux-widget-modern-heading\">\n            <div class=\"aux-widget-inner\"><h2 class=\"aux-modern-heading-primary\">PHONE:<\/h2><div class=\"aux-modern-heading-description\"><p>+381 69 728 728<\/p><\/div><\/div>\n        <\/section>\t\t<\/div>\n\t\t\t\t<\/div>\n\t\t\t\t\t\t<\/div>\n\t\t\t\t\t<\/div>\n\t\t<\/div>\n\t\t\t\t<div class=\"aux-parallax-section elementor-column elementor-col-33 elementor-top-column elementor-element elementor-element-e6ffc76 aux-appear-watch-animation aux-fade-in-right-1\" data-id=\"e6ffc76\" data-element_type=\"column\" data-settings=\"{&quot;background_background&quot;:&quot;classic&quot;}\">\n\t\t\t<div class=\"elementor-column-wrap elementor-element-populated\">\n\t\t\t\t\t\t\t<div class=\"elementor-widget-wrap\">\n\t\t\t\t\t\t<div class=\"elementor-element elementor-element-343d3e5 elementor-widget elementor-widget-aux_simple_svg\" data-id=\"343d3e5\" data-element_type=\"widget\" data-widget_type=\"aux_simple_svg.default\">\n\t\t\t\t<div class=\"elementor-widget-container\">\n\t\t\t    <div class=\"aux-widget-container aux-simple-svg-container\">\n        <div class=\"aux-widget-container-inner\">\n            <div class=\"aux-the-svg\"><svg xmlns=\"http:\/\/www.w3.org\/2000\/svg\" xmlns:xlink=\"http:\/\/www.w3.org\/1999\/xlink\" id=\"Layer_4\" x=\"0px\" y=\"0px\" width=\"70px\" height=\"90px\" viewbox=\"0 0 512 512\" xml:space=\"preserve\"><defs><lineargradient id=\"linear-gradient\" x1=\"-0.104\" y1=\"0.406\" x2=\"0.866\" y2=\"0.852\" gradientunits=\"objectBoundingBox\"><stop offset=\"0\" stop-color=\"#6A11CB\"\/><stop offset=\"1\" stop-color=\"#005BEA\"\/><\/lineargradient><\/defs> <path fill-rule=\"evenodd\" clip-rule=\"evenodd\" fill=\"url(#linear-gradient)\" d=\"M256,224.153c8.838,0,16.008,7.17,16.008,15.988 c0,8.834-7.17,16.004-16.008,16.004c-35.331,0-63.988-28.649-63.988-63.984c0-35.327,28.657-63.983,63.988-63.983 c35.347,0,63.979,28.657,63.979,63.983c0,8.834-7.162,15.988-15.98,15.988c-8.841,0-16.011-7.154-16.011-15.988 c0-17.675-14.317-31.992-31.988-31.992c-17.656,0-31.996,14.317-31.996,31.992C224.004,209.836,238.344,224.153,256,224.153 L256,224.153z M412.542,302.853c-35.038,55.376-69.709,110.909-104.052,166.66c-34.921,56.649-69.818,56.649-104.716,0 c-33.456-54.307-67.303-108.387-101.376-162.38c-25.462-33.867-38.131-74.24-38.295-114.644c0-0.125-0.043-0.203-0.043-0.328 c0-8.833,7.151-15.988,15.988-15.988s16.004,7.154,16.004,15.988h0.207c0.02,22.042,4.471,44.067,13.536,64.586 c0.371,0.844,0.761,1.663,1.152,2.515c4.081,8.795,8.962,17.238,14.711,25.337c28.633,45.403,57.064,90.97,85.162,136.685 c15.06,24.493,30.122,58.812,45.181,58.797c15.055,0,30.113-34.304,45.172-58.797c28.079-45.652,56.446-91.141,85.041-136.497 c5.912-8.325,10.958-17.019,15.105-26.087c0.242-0.555,0.516-1.085,0.758-1.624c26.079-58.712,15.184-129.866-32.961-178.01 c-62.483-62.484-163.751-62.484-226.216,0l-0.062-0.062c-2.901,2.882-6.877,4.694-11.31,4.694c-8.837,0-15.984-7.17-15.984-16.003 c0-4.413,1.773-8.428,4.675-11.31l-0.121-0.125c75.004-75.012,196.587-75.012,271.599,0 C458.874,123.413,465.692,227.863,412.542,302.853L412.542,302.853z M88.039,152.179c-8.833,0-15.984-7.17-15.984-16.011 c0-8.818,7.151-15.988,15.984-15.988c8.841,0,16.008,7.17,16.008,15.988C104.046,145.009,96.88,152.179,88.039,152.179 L88.039,152.179z\"\/> <\/svg><\/div>\n        <\/div>\n    <\/div>\n    \t\t<\/div>\n\t\t\t\t<\/div>\n\t\t\t\t<div class=\"elementor-element elementor-element-c770094 elementor-widget elementor-widget-aux_modern_heading\" data-id=\"c770094\" data-element_type=\"widget\" data-widget_type=\"aux_modern_heading.default\">\n\t\t\t\t<div class=\"elementor-widget-container\">\n\t\t\t<section class=\"aux-widget-modern-heading\">\n            <div class=\"aux-widget-inner\"><h2 class=\"aux-modern-heading-primary\">ADDRESS:<\/h2><div class=\"aux-modern-heading-description\"><p>Njego\u0161eva 53, Nova Pazova 22330<\/p><\/div><\/div>\n        <\/section>\t\t<\/div>\n\t\t\t\t<\/div>\n\t\t\t\t\t\t<\/div>\n\t\t\t\t\t<\/div>\n\t\t<\/div>\n\t\t\t\t\t\t\t\t<\/div>\n\t\t\t\t\t<\/div>\n\t\t<\/section>\n\t\t\t\t\t\t<\/div>\n\t\t\t\t\t\t<\/div>\n\t\t\t\t\t<\/div>","protected":false},"excerpt":{"rendered":"<p>Bilgili oyuncular bonus \u015fartlar\u0131n\u0131 okurlar bir anla\u015fmaya kat\u0131lmadan \u00f6nce, Bonus tuzaklar\u0131n\u0131 \u00f6nlemek i\u00e7in. Fon kayna\u011f\u0131n\u0131 belirleyin bahis ve kay\u0131p limitleri \u00f6deyebilece\u011finizden fazla harcama yapmamak i\u00e7in. Oyuncu avantajlar\u0131 kumar oynamay\u0131 heyecanl\u0131 hale getirir. Bilinmeyenin gerilimi insanlar\u0131 geri getirir. Nihayetinde, zihni anlamak zarar g\u00f6rmekten korunmaya yard\u0131mc\u0131 olur. \u00c7evrimi\u00e7i slotlar, uzaktan bahis ortam\u0131n\u0131n tart\u0131\u015fmas\u0131z krallar\u0131d\u0131r. Sanal kumarhaneye karar [&hellip;]<\/p>","protected":false},"author":1,"featured_media":0,"parent":0,"menu_order":0,"comment_status":"closed","ping_status":"closed","template":"","meta":{"inline_featured_image":false,"_exactmetrics_skip_tracking":false,"_exactmetrics_sitenote_active":false,"_exactmetrics_sitenote_note":"","_exactmetrics_sitenote_category":0,"_monsterinsights_skip_tracking":false,"_monsterinsights_sitenote_active":false,"_monsterinsights_sitenote_note":"","_monsterinsights_sitenote_category":0,"footnotes":""},"class_list":["post-114","page","type-page","status-publish","hentry"],"aioseo_notices":[],"_links":{"self":[{"href":"https:\/\/www.premiumlux.rs\/en\/wp-json\/wp\/v2\/pages\/114","targetHints":{"allow":["GET"]}}],"collection":[{"href":"https:\/\/www.premiumlux.rs\/en\/wp-json\/wp\/v2\/pages"}],"about":[{"href":"https:\/\/www.premiumlux.rs\/en\/wp-json\/wp\/v2\/types\/page"}],"author":[{"embeddable":true,"href":"https:\/\/www.premiumlux.rs\/en\/wp-json\/wp\/v2\/users\/1"}],"replies":[{"embeddable":true,"href":"https:\/\/www.premiumlux.rs\/en\/wp-json\/wp\/v2\/comments?post=114"}],"version-history":[{"count":57,"href":"https:\/\/www.premiumlux.rs\/en\/wp-json\/wp\/v2\/pages\/114\/revisions"}],"predecessor-version":[{"id":1228,"href":"https:\/\/www.premiumlux.rs\/en\/wp-json\/wp\/v2\/pages\/114\/revisions\/1228"}],"wp:attachment":[{"href":"https:\/\/www.premiumlux.rs\/en\/wp-json\/wp\/v2\/media?parent=114"}],"curies":[{"name":"wp","href":"https:\/\/api.w.org\/{rel}","templated":true}]}}